{"id":1250,"date":"2020-01-13T10:58:27","date_gmt":"2020-01-13T09:58:27","guid":{"rendered":"https:\/\/www.dutra.be\/services\/"},"modified":"2021-10-28T10:16:41","modified_gmt":"2021-10-28T08:16:41","slug":"diensten","status":"publish","type":"page","link":"https:\/\/www.dutra.be\/nl\/diensten\/","title":{"rendered":"Onze Meerwaarde"},"content":{"rendered":"<p>[vc_row css_animation=&#8221;&#8221; row_type=&#8221;row&#8221; use_row_as_full_screen_section=&#8221;no&#8221; type=&#8221;grid&#8221; angled_section=&#8221;no&#8221; text_align=&#8221;left&#8221; background_image_as_pattern=&#8221;without_pattern&#8221; css=&#8221;.vc_custom_1591955689626{padding-top: 91px !important;padding-bottom: 0px !important;}&#8221; z_index=&#8221;&#8221; el_class=&#8221;pdg-bottom pdg-left dnone&#8221;][vc_column css_animation=&#8221;fadeInDown&#8221; offset=&#8221;vc_col-lg-6 vc_col-md-6&#8243; css=&#8221;.vc_custom_1572349813803{margin-top: 0px !important;margin-right: 0px !important;margin-bottom: 0px !important;margin-left: 0px !important;border-top-width: 0px !important;border-right-width: 0px !important;border-bottom-width: 0px !important;border-left-width: 0px !important;padding-top: 0px !important;padding-right: 0px !important;padding-bottom: 0px !important;padding-left: 0px !important;}&#8221;][vc_single_image image=&#8221;3202&#8243; img_size=&#8221;full&#8221; qode_css_animation=&#8221;&#8221; css=&#8221;.vc_custom_1578915457999{margin-right: 0px !important;margin-left: 0px !important;border-right-width: 0px !important;border-left-width: 0px !important;padding-right: 0px !important;padding-left: 0px !important;}&#8221; el_class=&#8221;red-lines&#8221;][\/vc_column][vc_column css_animation=&#8221;fadeInRight&#8221; offset=&#8221;vc_col-lg-6 vc_col-md-6&#8243; css=&#8221;.vc_custom_1590565942925{padding-top: 55px !important;padding-right: 0px !important;padding-bottom: 55px !important;padding-left: 40px !important;}&#8221; el_class=&#8221;nomobilepadding&#8221;][vc_column_text css=&#8221;.vc_custom_1578914614560{padding-bottom: 15px !important;}&#8221;]<\/p>\n<h3>R\u00e9alisez vous-m\u00eame votre v\u00eatement de travail<\/h3>\n<p><strong>Le Pick &amp; Mix, c\u2019est le concept de production DUTRA qui vous permet de r\u00e9aliser vous-m\u00eame votre tunique, pantalon ou polo !<\/strong><\/p>\n<ul class=\"list\">\n<li>Choisissez un mod\u00e8le DUTRA<\/li>\n<li>Choisissez un <strong>type de tissu<\/strong> pour votre v\u00eatement \u00e0 l\u2019aide de notre page \u00ab Comment bien choisir son tissu? \u00bb ou en vous laissant guider par l\u2019un de nos conseillers.<\/li>\n<li>Choisissez votre <strong>coloris<\/strong> de base ainsi que la(les) couleur(s) de finition.<\/li>\n<li>Optez pour un porte-badge, un logo ou un marquage<\/li>\n<li>Nous vous faisons parvenir un visuel du projet d\u00e9finitif pour <strong>validation<\/strong> avant lancement en production.<\/li>\n<\/ul>\n<p>NB : le Pick &amp; Mix est un concept de <strong>production sur demande<\/strong> dont vous pouvez profiter pour toute commande \u00e0 <strong>partir de 25 pi\u00e8ces<\/strong>.[\/vc_column_text]<a  itemprop=\"url\" href=\"\/wp-content\/uploads\/2020\/01\/PickMix2018web.pdf\" target=\"_blank\"  class=\"qbutton  center default nice-button\" style=\"\">Carte couleur<\/a>[vc_single_image image=&#8221;1251&#8243; img_size=&#8221;full&#8221; alignment=&#8221;center&#8221; qode_css_animation=&#8221;&#8221; css=&#8221;.vc_custom_1578914778362{padding-top: 15px !important;}&#8221;][\/vc_column][\/vc_row][vc_row css_animation=&#8221;&#8221; row_type=&#8221;row&#8221; use_row_as_full_screen_section=&#8221;no&#8221; type=&#8221;grid&#8221; angled_section=&#8221;no&#8221; text_align=&#8221;left&#8221; background_image_as_pattern=&#8221;without_pattern&#8221; css=&#8221;.vc_custom_1591955751385{padding-top: 120px !important;padding-bottom: 90px !important;}&#8221; z_index=&#8221;&#8221; el_class=&#8221;pdg-top pgd-right&#8221;][vc_column css_animation=&#8221;fadeInLeft&#8221; offset=&#8221;vc_col-lg-6 vc_col-md-6&#8243; css=&#8221;.vc_custom_1590565950392{padding-top: 55px !important;padding-right: 40px !important;padding-bottom: 55px !important;padding-left: 0px !important;}&#8221; el_class=&#8221;nomobilepadding&#8221;][vc_column_text]Dankzij haar ervaring heeft DUTRA haar vaardigheden en kennis als kledingfabrikant gebruikt om een assortiment werkkleding te selecteren dat is aangepast aan de verschillende beroepen in de bouw en de industrie en aan de technische dienstverlening.<\/p>\n<ul class=\"list\">\n<li><strong>Professioneel advies<\/strong>. Kleding winkelen is niet je enige zorg en je hebt weinig tijd om er aan te besteden? Het DUTRA team kan u adviseren en helpen bij het kiezen van een kledingstuk dat gemaakt is van een kwaliteitsstof en aangepast is aan het werk van uw personeel. We nemen ook de tijd om samen met u uw behoeften te evalueren om het voorraadbeheer volgens uw aankoop- en onderhoudsmethodes te vergemakkelijken.<\/li>\n<li><strong>De creatie van uw gepersonaliseerd concept<\/strong>. Wilt u outfits in de kleuren van uw organisatie? Kies uit onze vele mogelijkheden: borduurwerk, zeefdruk, transfer of kuif. Meer informatie over aangepaste ontwerpen<\/li>\n<li><strong>Nauwkeurige levertijden<\/strong>. Voor alle bestellingen verbindt DUTRA zich tot leveringstermijnen die worden gecommuniceerd via een orderbevestiging. De levertijden vari\u00ebren van 8 dagen voor voorraadartikelen tot 6 tot 8 weken voor de productie van een op maat gemaakt concept.<\/li>\n<li><strong>Een breed scala aan maten<\/strong>. Onze standaard voorraadmaten vari\u00ebren van XS tot 2XL, waardoor we het grootste aantal mensen kunnen aankleden. Om u te helpen bij de keuze van uw maten, biedt DUTRA voor elk model een passende serie.<\/li>\n<li><strong>De creatie van kleding op maat<\/strong>. Wij cre\u00ebren een op maat gemaakte outfit op basis van een nauwkeurige maattabel om niet-standaardmensen een werkoutfit aan te bieden die perfect is aangepast aan hun morfologie.<\/li>\n<li><strong>Voor de uitwerking van uw specificaties<\/strong>, DUTRA kan u begeleiden en adviseren.<\/li>\n<li><strong>Een breed scala aan aanvullende producten<\/strong>. Schoenen en diverse accessoires maken ook deel uit van ons assortiment.<\/li>\n<\/ul>\n<p>Aanpassen aan de behoeften en wensen van onze klanten <strong>klanten<\/strong> rust <strong>op de voorgrond<\/strong> van DUTRA.<\/p>\n<p>Onze workshops in Belgi\u00eb en Tunesi\u00eb stellen ons in staat om u de volgende diensten aan te bieden <strong>voorraadbestanddelen<\/strong> maar ook prestaties <strong>maatwerk<\/strong>.[\/vc_column_text][\/vc_column][vc_column css_animation=&#8221;fadeInUp&#8221; offset=&#8221;vc_col-lg-6 vc_col-md-6&#8243; css=&#8221;.vc_custom_1572349823013{margin-top: 0px !important;margin-right: 0px !important;margin-bottom: 0px !important;margin-left: 0px !important;border-top-width: 0px !important;border-right-width: 0px !important;border-bottom-width: 0px !important;border-left-width: 0px !important;padding-top: 0px !important;padding-right: 0px !important;padding-bottom: 0px !important;padding-left: 0px !important;}&#8221;][vc_single_image image=&#8221;3199&#8243; img_size=&#8221;full&#8221; qode_css_animation=&#8221;&#8221; css=&#8221;.vc_custom_1603186145581{margin-right: 0px !important;margin-left: 0px !important;border-right-width: 0px !important;border-left-width: 0px !important;padding-right: 0px !important;padding-left: 0px !important;}&#8221; el_class=&#8221;red-lines&#8221;][\/vc_column][\/vc_row][vc_row css_animation=&#8221;&#8221; row_type=&#8221;row&#8221; use_row_as_full_screen_section=&#8221;no&#8221; type=&#8221;grid&#8221; angled_section=&#8221;no&#8221; text_align=&#8221;left&#8221; background_image_as_pattern=&#8221;without_pattern&#8221; el_class=&#8221;cf-pages&#8221; z_index=&#8221;&#8221;][vc_column][vc_column_text el_class=&#8221;headers&#8221;]<\/p>\n<h2>Contacteer ons<\/h2>\n<h4>Uw personeel krijgt een nieuwe outfit? U bent op zoek naar polo&#8217;s voor de kin\u00e9?\u00a0 Bel ons of vul dit formulier in<\/h4>\n<p>[\/vc_column_text]\n<div class=\"wpcf7 no-js\" id=\"wpcf7-f1196-o1\" lang=\"en-US\" dir=\"ltr\" data-wpcf7-id=\"1196\">\n<div class=\"screen-reader-response\"><p role=\"status\" aria-live=\"polite\" aria-atomic=\"true\"><\/p> <ul><\/ul><\/div>\n<form action=\"\/nl\/wp-json\/wp\/v2\/pages\/1250#wpcf7-f1196-o1\" method=\"post\" class=\"wpcf7-form init cf7_custom_style_2\" aria-label=\"Contact form\" novalidate=\"novalidate\" data-status=\"init\">\n<div style=\"display: none;\">\n<input type=\"hidden\" name=\"_wpcf7\" value=\"1196\" \/>\n<input type=\"hidden\" name=\"_wpcf7_version\" value=\"6.0.6\" \/>\n<input type=\"hidden\" name=\"_wpcf7_locale\" value=\"en_US\" \/>\n<input type=\"hidden\" name=\"_wpcf7_unit_tag\" value=\"wpcf7-f1196-o1\" \/>\n<input type=\"hidden\" name=\"_wpcf7_container_post\" value=\"0\" \/>\n<input type=\"hidden\" name=\"_wpcf7_posted_data_hash\" value=\"\" \/>\n<input type=\"hidden\" name=\"_wpcf7_recaptcha_response\" value=\"\" \/>\n<\/div>\n<div class=\"row-box\">\n\t<div class=\"col-6\">\n\t\t<p><span class=\"wpcf7-form-control-wrap\" data-name=\"names\"><input size=\"40\" maxlength=\"400\" class=\"wpcf7-form-control wpcf7-text wpcf7-validates-as-required\" aria-required=\"true\" aria-invalid=\"false\" placeholder=\"NAAM\/VOORNAAM*\" value=\"\" type=\"text\" name=\"names\" \/><\/span><span class=\"wpcf7-form-control-wrap\" data-name=\"entreprise\"><input size=\"40\" maxlength=\"400\" class=\"wpcf7-form-control wpcf7-text wpcf7-validates-as-required\" aria-required=\"true\" aria-invalid=\"false\" placeholder=\"INSTELLING*\" value=\"\" type=\"text\" name=\"entreprise\" \/><\/span><span class=\"wpcf7-form-control-wrap\" data-name=\"mails\"><input size=\"40\" maxlength=\"400\" class=\"wpcf7-form-control wpcf7-email wpcf7-validates-as-required wpcf7-text wpcf7-validates-as-email\" aria-required=\"true\" aria-invalid=\"false\" placeholder=\"E-mail*\" value=\"\" type=\"email\" name=\"mails\" \/><\/span><span class=\"wpcf7-form-control-wrap\" data-name=\"telephones\"><input size=\"40\" maxlength=\"400\" class=\"wpcf7-form-control wpcf7-text\" aria-invalid=\"false\" placeholder=\"TELEFOON\" value=\"\" type=\"text\" name=\"telephones\" \/><\/span>\n\t\t<\/p>\n\t<\/div>\n\t<div class=\"col-6\">\n\t\t<p><span class=\"wpcf7-form-control-wrap\" data-name=\"message\"><textarea cols=\"40\" rows=\"10\" maxlength=\"2000\" class=\"wpcf7-form-control wpcf7-textarea wpcf7-validates-as-required\" aria-required=\"true\" aria-invalid=\"false\" placeholder=\"BERICHT*\" name=\"message\"><\/textarea><\/span>\n\t\t<\/p>\n\t<\/div>\n<\/div>\n<div class=\"row-box\">\n\t<div class=\"col-6\">\n\t\t<p><span class=\"wpcf7-form-control-wrap\" data-name=\"my-con\"><span class=\"wpcf7-form-control wpcf7-acceptance\"><span class=\"wpcf7-list-item\"><label><input type=\"checkbox\" name=\"my-con\" value=\"1\" aria-invalid=\"false\" \/><span class=\"wpcf7-list-item-label\">Door dit formulier te versturen, ga ik akkoord met het <a target=\"_blank\" href=\"\/nl\/politique-de-confidentialite\/\">vertrouwelijkheidsbeleid<\/a>.<\/span><\/label><\/span><\/span><\/span>\n\t\t<\/p>\n\t<\/div>\n\t<div class=\"col-6\">\n\t\t<p><input class=\"wpcf7-form-control wpcf7-submit has-spinner\" type=\"submit\" value=\"SEND\" \/>\n\t\t<\/p>\n\t<\/div>\n<\/div><div class=\"wpcf7-response-output\" aria-hidden=\"true\"><\/div>\n<\/form>\n<\/div>\n[\/vc_column][\/vc_row]<\/p>\n","protected":false},"excerpt":{"rendered":"<p>[vc_row css_animation=&#8221;&#8221; row_type=&#8221;row&#8221; use_row_as_full_screen_section=&#8221;no&#8221; type=&#8221;grid&#8221; angled_section=&#8221;no&#8221; text_align=&#8221;left&#8221; background_image_as_pattern=&#8221;without_pattern&#8221; css=&#8221;.vc_custom_1591955689626{padding-top: 91px !important;padding-bottom: 0px !important;}&#8221; z_index=&#8221;&#8221; el_class=&#8221;pdg-bottom pdg-left dnone&#8221;][vc_column css_animation=&#8221;fadeInDown&#8221; offset=&#8221;vc_col-lg-6 vc_col-md-6&#8243; css=&#8221;.vc_custom_1572349813803{margin-top: 0px !important;margin-right: 0px !important;margin-bottom: 0px !important;margin-left: 0px !important;border-top-width: 0px !important;border-right-width: 0px !important;border-bottom-width: 0px !important;border-left-width: 0px !important;padding-top: 0px !important;padding-right: 0px !important;padding-bottom: 0px !important;padding-left: 0px !important;}&#8221;][vc_single_image&#8230;<\/p>\n","protected":false},"author":1,"featured_media":0,"parent":0,"menu_order":0,"comment_status":"closed","ping_status":"closed","template":"full_width.php","meta":{"_acf_changed":false,"footnotes":""},"class_list":["post-1250","page","type-page","status-publish","hentry"],"acf":[],"aioseo_notices":[],"_links":{"self":[{"href":"https:\/\/www.dutra.be\/nl\/wp-json\/wp\/v2\/pages\/1250","targetHints":{"allow":["GET"]}}],"collection":[{"href":"https:\/\/www.dutra.be\/nl\/wp-json\/wp\/v2\/pages"}],"about":[{"href":"https:\/\/www.dutra.be\/nl\/wp-json\/wp\/v2\/types\/page"}],"author":[{"embeddable":true,"href":"https:\/\/www.dutra.be\/nl\/wp-json\/wp\/v2\/users\/1"}],"replies":[{"embeddable":true,"href":"https:\/\/www.dutra.be\/nl\/wp-json\/wp\/v2\/comments?post=1250"}],"version-history":[{"count":17,"href":"https:\/\/www.dutra.be\/nl\/wp-json\/wp\/v2\/pages\/1250\/revisions"}],"predecessor-version":[{"id":4828,"href":"https:\/\/www.dutra.be\/nl\/wp-json\/wp\/v2\/pages\/1250\/revisions\/4828"}],"wp:attachment":[{"href":"https:\/\/www.dutra.be\/nl\/wp-json\/wp\/v2\/media?parent=1250"}],"curies":[{"name":"wp","href":"https:\/\/api.w.org\/{rel}","templated":true}]}}