{"id":1588,"date":"2020-08-25T14:12:12","date_gmt":"2020-08-25T12:12:12","guid":{"rendered":"https:\/\/www.dutra.be\/produit\/clarisse\/"},"modified":"2023-04-12T11:28:45","modified_gmt":"2023-04-12T09:28:45","slug":"clarisse","status":"publish","type":"product","link":"https:\/\/www.dutra.be\/nl\/produit\/clarisse\/","title":{"rendered":"CLARISSE"},"content":{"rendered":"","protected":false},"excerpt":{"rendered":"<h3>Tunique dame pour infirmi\u00e8re, aide-soignante, esth\u00e9ticienne, dentiste, v\u00e9t\u00e9rinaire,&#8230;<\/h3>\n<ul>\n<li>Mod\u00e8le ouvert \u00e0 pressions<\/li>\n<li>Manche kimono<\/li>\n<li>Poche poitrine<\/li>\n<li>Poches c\u00f4t\u00e9<\/li>\n<li>TENCEL\u00ae : 50\/50 CLY\/PES<\/li>\n<li>200g\/m\u00b2<\/li>\n<li>L75cm<\/li>\n<li>4 kleuren<\/li>\n<\/ul>\n<p><strong>Tailles 00 \u00e0 5 (2ES \u00e0 2EL)<\/strong><\/p>\n","protected":false},"featured_media":6828,"template":"","meta":{"_acf_changed":false},"product_brand":[],"product_cat":[279],"product_tag":[],"class_list":{"0":"post-1588","1":"product","2":"type-product","3":"status-publish","4":"has-post-thumbnail","6":"product_cat-zorg","7":"pa_couleurs-anijs","8":"pa_couleurs-shocking-pink-nl","9":"pa_couleurs-virtual-grey-nl","10":"pa_couleurs-white-nl","12":"first","13":"instock","14":"shipping-taxable","15":"purchasable","16":"product-type-simple"},"acf":[],"aioseo_notices":[],"_links":{"self":[{"href":"https:\/\/www.dutra.be\/nl\/wp-json\/wp\/v2\/product\/1588","targetHints":{"allow":["GET"]}}],"collection":[{"href":"https:\/\/www.dutra.be\/nl\/wp-json\/wp\/v2\/product"}],"about":[{"href":"https:\/\/www.dutra.be\/nl\/wp-json\/wp\/v2\/types\/product"}],"wp:featuredmedia":[{"embeddable":true,"href":"https:\/\/www.dutra.be\/nl\/wp-json\/wp\/v2\/media\/6828"}],"wp:attachment":[{"href":"https:\/\/www.dutra.be\/nl\/wp-json\/wp\/v2\/media?parent=1588"}],"wp:term":[{"taxonomy":"product_brand","embeddable":true,"href":"https:\/\/www.dutra.be\/nl\/wp-json\/wp\/v2\/product_brand?post=1588"},{"taxonomy":"product_cat","embeddable":true,"href":"https:\/\/www.dutra.be\/nl\/wp-json\/wp\/v2\/product_cat?post=1588"},{"taxonomy":"product_tag","embeddable":true,"href":"https:\/\/www.dutra.be\/nl\/wp-json\/wp\/v2\/product_tag?post=1588"}],"curies":[{"name":"wp","href":"https:\/\/api.w.org\/{rel}","templated":true}]}}